{"id":69,"date":"2016-06-27T16:52:28","date_gmt":"2016-06-27T14:52:28","guid":{"rendered":"http:\/\/filmsgrandhuit.com\/?page_id=69"},"modified":"2023-10-23T11:17:21","modified_gmt":"2023-10-23T09:17:21","slug":"realisateurices","status":"publish","type":"page","link":"http:\/\/filmsgrandhuit.com\/en\/realisateurices\/","title":{"rendered":"Directors"},"content":{"rendered":"<div class=\"shortcode-author-avatars\"><div class=\"author-list\"><div class=\"user with-name name-group-0-a name-group-last-v user-26 with-biography bio-length--1 biography-missing\" style=\"\"><a href=\"http:\/\/filmsgrandhuit.com\/en\/author\/adriano-valerio\/\" title=\"Adriano Valerio\"><span class=\"avatar\"><img alt='Avatar photo' src='http:\/\/filmsgrandhuit.com\/wp-content\/uploads\/2018\/05\/adriano-valerio-nb-270x270.jpg' srcset='http:\/\/filmsgrandhuit.com\/wp-content\/uploads\/2018\/05\/adriano-valerio-nb-540x540.jpg 2x' class='avatar avatar-270 photo' height='270' width='270' loading='lazy' decoding='async' style=\"\"  \/><\/span><span class=\"name\"><strong>Adriano Valerio<\/strong><\/span><\/a><\/div><div class=\"user with-name name-group-0-b name-group-last-k user-123465 with-biography bio-length--1 biography-missing\" style=\"\"><a href=\"http:\/\/filmsgrandhuit.com\/en\/author\/baya-kasmi\/\" title=\"Baya Kasmi\"><span class=\"avatar\"><img alt='Avatar photo' src='http:\/\/filmsgrandhuit.com\/wp-content\/uploads\/2023\/10\/whatsapp-image-2023-10-13-at-151935-1-270x270.jpeg' srcset='http:\/\/filmsgrandhuit.com\/wp-content\/uploads\/2023\/10\/whatsapp-image-2023-10-13-at-151935-1-540x540.jpeg 2x' class='avatar avatar-270 photo' height='270' width='270' loading='lazy' decoding='async' style=\"\"  \/><\/span><span class=\"name\"><strong>Baya Kasmi<\/strong><\/span><\/a><\/div><div class=\"user with-name name-group-0-c name-group-last-b user-20 with-biography bio-length--1 biography-missing\" style=\"\"><a href=\"http:\/\/filmsgrandhuit.com\/en\/author\/camila\/\" title=\"Camila Beltr\u00e1n\"><span class=\"avatar\"><img alt='Avatar photo' src='http:\/\/filmsgrandhuit.com\/wp-content\/uploads\/2023\/10\/camila-beltran-270x270.jpg' srcset='http:\/\/filmsgrandhuit.com\/wp-content\/uploads\/2023\/10\/camila-beltran.jpg 2x' class='avatar avatar-270 photo' height='270' width='270' loading='lazy' decoding='async' style=\"\"  \/><\/span><span class=\"name\"><strong>Camila Beltr\u00e1n<\/strong><\/span><\/a><\/div><div class=\"user with-name name-group-0-c name-group-last-m user-19 with-biography bio-length--1\" style=\"\"><a href=\"http:\/\/filmsgrandhuit.com\/en\/author\/clemence\/\" title=\"Cl\u00e9mence Madeleine-Perdrillat\"><span class=\"avatar\"><img alt='Avatar photo' src='http:\/\/filmsgrandhuit.com\/wp-content\/uploads\/2017\/01\/Cl\u00e9mence-Madeleine-Perdrillat_avatar_1484859322-270x270.jpg' srcset='http:\/\/filmsgrandhuit.com\/wp-content\/uploads\/2017\/01\/Cl\u00e9mence-Madeleine-Perdrillat_avatar_1484859322.jpg 2x' class='avatar avatar-270 photo' height='270' width='270' loading='lazy' decoding='async' style=\"\"  \/><\/span><span class=\"name\"><strong>Cl\u00e9mence Madeleine-Perdrillat<\/strong><\/span><\/a><div class=\"biography\"><p>N\u00e9e le 22 Nov 1988 <\/p>\n<p>Agent \u2022 VMA - Mallory Vabre<\/p>\n<\/div><\/div><div class=\"user with-name name-group-0-c name-group-1-m name-group-2-e name-group-3-n name-group-last-h user-35 with-biography bio-length--1 biography-missing\" style=\"\"><a href=\"http:\/\/filmsgrandhuit.com\/en\/author\/clemence-madeleine-perdrillat-et-nathaniel-h-limi\/\" title=\"Cl\u00e9mence Madeleine-Perdrillat et Nathaniel H'limi\"><span class=\"avatar\"><img alt='Avatar photo' src='http:\/\/filmsgrandhuit.com\/wp-content\/uploads\/2019\/01\/Cl\u00e9mence-et-Nathaniel-Madeleine-Perdrillat-Hlimi_avatar_1548262982-270x270.jpg' srcset='http:\/\/filmsgrandhuit.com\/wp-content\/uploads\/2019\/01\/Cl\u00e9mence-et-Nathaniel-Madeleine-Perdrillat-Hlimi_avatar_1548262982-540x540.jpg 2x' class='avatar avatar-270 photo' height='270' width='270' loading='lazy' decoding='async' style=\"\"  \/><\/span><span class=\"name\"><strong>Cl\u00e9mence Madeleine-Perdrillat et Nathaniel H'limi<\/strong><\/span><\/a><\/div><div class=\"user with-name name-group-0-e name-group-last-g user-32 with-biography bio-length--1 biography-missing\" style=\"\"><a href=\"http:\/\/filmsgrandhuit.com\/en\/author\/elie-girard\/\" title=\"Elie Girard\"><span class=\"avatar\"><img alt='Avatar photo' src='http:\/\/filmsgrandhuit.com\/wp-content\/uploads\/2021\/02\/Elie-Girard_avatar_1614015663-270x270.jpg' srcset='http:\/\/filmsgrandhuit.com\/wp-content\/uploads\/2021\/02\/Elie-Girard_avatar_1614015663-540x540.jpg 2x' class='avatar avatar-270 photo' height='270' width='270' loading='lazy' decoding='async' style=\"\"  \/><\/span><span class=\"name\"><strong>Elie Girard<\/strong><\/span><\/a><\/div><div class=\"user with-name name-group-0-g name-group-last-a user-39 with-biography bio-length--1 biography-missing\" style=\"\"><a href=\"http:\/\/filmsgrandhuit.com\/en\/author\/giacomo-abbruzzese\/\" title=\"Giacomo Abbruzzese\"><span class=\"avatar\"><img alt='Avatar photo' src='http:\/\/filmsgrandhuit.com\/wp-content\/uploads\/2019\/12\/Giacomo-Abbruzzese_avatar_1576696999-270x270.jpg' srcset='http:\/\/filmsgrandhuit.com\/wp-content\/uploads\/2019\/12\/Giacomo-Abbruzzese_avatar_1576696999-540x540.jpg 2x' class='avatar avatar-270 photo' height='270' width='270' loading='lazy' decoding='async' style=\"\"  \/><\/span><span class=\"name\"><strong>Giacomo Abbruzzese<\/strong><\/span><\/a><\/div><div class=\"user with-name name-group-0-i name-group-1-j name-group-last-c user-123457 with-biography bio-length--1 biography-missing\" style=\"\"><a href=\"http:\/\/filmsgrandhuit.com\/en\/author\/ismael-joffroy-chandoutis\/\" title=\"Ismael Joffroy Chandoutis\"><span class=\"avatar\"><img alt='Avatar photo' src='http:\/\/filmsgrandhuit.com\/wp-content\/uploads\/2020\/06\/Ismael-Joffroy-Chandoutis_avatar_1591985086-270x270.jpg' srcset='http:\/\/filmsgrandhuit.com\/wp-content\/uploads\/2020\/06\/Ismael-Joffroy-Chandoutis_avatar_1591985086.jpg 2x' class='avatar avatar-270 photo' height='270' width='270' loading='lazy' decoding='async' style=\"\"  \/><\/span><span class=\"name\"><strong>Ismael Joffroy Chandoutis<\/strong><\/span><\/a><\/div><div class=\"user with-name name-group-0-j name-group-last-m user-3 with-biography bio-length--1 biography-missing\" style=\"\"><a href=\"http:\/\/filmsgrandhuit.com\/en\/author\/jonathan\/\" title=\"Jonathan Millet\"><span class=\"avatar\"><img alt='Avatar photo' src='http:\/\/filmsgrandhuit.com\/wp-content\/uploads\/2016\/09\/Jonathan-Millet_avatar_1475239062-270x270.jpg' srcset='http:\/\/filmsgrandhuit.com\/wp-content\/uploads\/2016\/09\/Jonathan-Millet_avatar_1475239062-540x540.jpg 2x' class='avatar avatar-270 photo' height='270' width='270' loading='lazy' decoding='async' style=\"\"  \/><\/span><span class=\"name\"><strong>Jonathan Millet<\/strong><\/span><\/a><\/div><div class=\"user with-name name-group-0-l name-group-last-c user-6 with-biography bio-length--1 biography-missing\" style=\"\"><a href=\"http:\/\/filmsgrandhuit.com\/en\/author\/laetitia\/\" title=\"Laetitia Casta\"><span class=\"avatar\"><img alt='Avatar photo' src='http:\/\/filmsgrandhuit.com\/wp-content\/uploads\/2016\/08\/Laetitia-Casta_avatar_1472036362-270x270.jpg' srcset='http:\/\/filmsgrandhuit.com\/wp-content\/uploads\/2016\/08\/Laetitia-Casta_avatar_1472036362.jpg 2x' class='avatar avatar-270 photo' height='270' width='270' loading='lazy' decoding='async' style=\"\"  \/><\/span><span class=\"name\"><strong>Laetitia Casta<\/strong><\/span><\/a><\/div><div class=\"user with-name name-group-0-m name-group-last-e user-27 with-biography bio-length--1 biography-missing\" style=\"\"><a href=\"http:\/\/filmsgrandhuit.com\/en\/author\/mareike-engelhardt\/\" title=\"Mareike Engelhardt\"><span class=\"avatar\"><img alt='Avatar photo' src='http:\/\/filmsgrandhuit.com\/wp-content\/uploads\/2017\/10\/Mareike-Engelhardt_avatar_1508764927-270x270.jpg' srcset='http:\/\/filmsgrandhuit.com\/wp-content\/uploads\/2017\/10\/Mareike-Engelhardt_avatar_1508764927-540x540.jpg 2x' class='avatar avatar-270 photo' height='270' width='270' loading='lazy' decoding='async' style=\"\"  \/><\/span><span class=\"name\"><strong>Mareike Engelhardt<\/strong><\/span><\/a><\/div><div class=\"user with-name name-group-0-m name-group-1-l name-group-last-f user-28 with-biography bio-length--1 biography-missing\" style=\"\"><a href=\"http:\/\/filmsgrandhuit.com\/en\/author\/marie-le-floch\/\" title=\"Marie Le Floc'h\"><span class=\"avatar\"><img alt='Avatar photo' src='http:\/\/filmsgrandhuit.com\/wp-content\/uploads\/2017\/11\/Marie-Le-Floch_avatar_1510747230-270x270.png' srcset='http:\/\/filmsgrandhuit.com\/wp-content\/uploads\/2017\/11\/Marie-Le-Floch_avatar_1510747230.png 2x' class='avatar avatar-270 photo' height='270' width='270' loading='lazy' decoding='async' style=\"\"  \/><\/span><span class=\"name\"><strong>Marie Le Floc'h<\/strong><\/span><\/a><\/div><div class=\"user with-name name-group-0-m name-group-last-r user-123464 with-biography bio-length--1 biography-missing\" style=\"\"><a href=\"http:\/\/filmsgrandhuit.com\/en\/author\/marie-remond\/\" title=\"Marie R\u00e9mond\"><span class=\"avatar\"><img alt='Avatar photo' src='http:\/\/filmsgrandhuit.com\/wp-content\/uploads\/2025\/07\/516877432-270x270.png' srcset='http:\/\/filmsgrandhuit.com\/wp-content\/uploads\/2025\/07\/516877432-540x540.png 2x' class='avatar avatar-270 photo' height='270' width='270' loading='lazy' decoding='async' style=\"\"  \/><\/span><span class=\"name\"><strong>Marie R\u00e9mond<\/strong><\/span><\/a><\/div><div class=\"user with-name name-group-0-m name-group-last-e user-30 with-biography bio-length--1 biography-missing\" style=\"\"><a href=\"http:\/\/filmsgrandhuit.com\/en\/author\/mathilde-elu\/\" title=\"Mathilde Elu\"><span class=\"avatar\"><img alt='Avatar photo' src='http:\/\/filmsgrandhuit.com\/wp-content\/uploads\/2017\/11\/mathildenb-270x270.png' srcset='http:\/\/filmsgrandhuit.com\/wp-content\/uploads\/2017\/11\/mathildenb-511x540.png 2x' class='avatar avatar-270 photo' height='270' width='270' loading='lazy' decoding='async' style=\"\"  \/><\/span><span class=\"name\"><strong>Mathilde Elu<\/strong><\/span><\/a><\/div><div class=\"user with-name name-group-0-m name-group-last-k user-10 with-biography bio-length--1 biography-missing\" style=\"\"><a href=\"http:\/\/filmsgrandhuit.com\/en\/author\/moly-kane\/\" title=\"Moly Kane\"><span class=\"avatar\"><img alt='Avatar photo' src='http:\/\/filmsgrandhuit.com\/wp-content\/uploads\/2016\/08\/Moly-Kane_avatar_1471970903-270x270.jpg' srcset='http:\/\/filmsgrandhuit.com\/wp-content\/uploads\/2016\/08\/Moly-Kane_avatar_1471970903.jpg 2x' class='avatar avatar-270 photo' height='270' width='270' loading='lazy' decoding='async' style=\"\"  \/><\/span><span class=\"name\"><strong>Moly Kane<\/strong><\/span><\/a><\/div><div class=\"user with-name name-group-0-n name-group-last-d user-24 with-biography bio-length--1 biography-missing\" style=\"\"><a href=\"http:\/\/filmsgrandhuit.com\/en\/author\/noe-debre\/\" title=\"No\u00e9 Debr\u00e9\"><span class=\"avatar\"><img alt='Avatar photo' src='http:\/\/filmsgrandhuit.com\/wp-content\/uploads\/2017\/04\/No\u00e9-Debr\u00e9_avatar_1491584679-270x270.jpg' srcset='http:\/\/filmsgrandhuit.com\/wp-content\/uploads\/2017\/04\/No\u00e9-Debr\u00e9_avatar_1491584679-540x394.jpg 2x' class='avatar avatar-270 photo' height='270' width='270' loading='lazy' decoding='async' style=\"\"  \/><\/span><span class=\"name\"><strong>No\u00e9 Debr\u00e9<\/strong><\/span><\/a><\/div><div class=\"user with-name name-group-0-r name-group-last-a user-8 with-biography bio-length--1\" style=\"\"><a href=\"http:\/\/filmsgrandhuit.com\/en\/author\/remiallier\/\" title=\"R\u00e9mi Allier\"><span class=\"avatar\"><img alt='Avatar photo' src='http:\/\/filmsgrandhuit.com\/wp-content\/uploads\/2017\/01\/R\u00e9mi-Allier_avatar_1484860671.jpg' srcset='http:\/\/filmsgrandhuit.com\/wp-content\/uploads\/2017\/01\/R\u00e9mi-Allier_avatar_1484860671.jpg 2x' class='avatar avatar-270 photo' height='270' width='270' loading='lazy' decoding='async' style=\"\"  \/><\/span><span class=\"name\"><strong>R\u00e9mi Allier<\/strong><\/span><\/a><div class=\"biography\"><p>N\u00e9 \u00e0 M\u00e2con \u2022 France en 1988<\/p>\n<\/div><\/div><div class=\"user with-name name-group-0-r name-group-last-d user-31 with-biography bio-length--1 biography-missing\" style=\"\"><a href=\"http:\/\/filmsgrandhuit.com\/en\/author\/romain-daudet-jahan\/\" title=\"Romain Daudet-Jahan\"><span class=\"avatar\"><img alt='Avatar photo' src='http:\/\/filmsgrandhuit.com\/wp-content\/uploads\/2018\/05\/romain-daudet-jahan-nb-270x270.jpg' srcset='http:\/\/filmsgrandhuit.com\/wp-content\/uploads\/2018\/05\/romain-daudet-jahan-nb-540x540.jpg 2x' class='avatar avatar-270 photo' height='270' width='270' loading='lazy' decoding='async' style=\"\"  \/><\/span><span class=\"name\"><strong>Romain Daudet-Jahan<\/strong><\/span><\/a><\/div><div class=\"user with-name name-group-0-s name-group-last-f user-33 with-biography bio-length--1 biography-missing\" style=\"\"><a href=\"http:\/\/filmsgrandhuit.com\/en\/author\/sara-fgaier\/\" title=\"Sara Fgaier\"><span class=\"avatar\"><img alt='Avatar photo' src='http:\/\/filmsgrandhuit.com\/wp-content\/uploads\/2018\/10\/Sara-Fgaier_avatar_1539187829-270x270.jpg' srcset='http:\/\/filmsgrandhuit.com\/wp-content\/uploads\/2018\/10\/Sara-Fgaier_avatar_1539187829-540x540.jpg 2x' class='avatar avatar-270 photo' height='270' width='270' loading='lazy' decoding='async' style=\"\"  \/><\/span><span class=\"name\"><strong>Sara Fgaier<\/strong><\/span><\/a><\/div><div class=\"user with-name name-group-0-v name-group-last-g user-123460 with-biography bio-length--1 biography-missing\" style=\"\"><a href=\"http:\/\/filmsgrandhuit.com\/en\/author\/violette-gitton\/\" title=\"Violette Gitton\"><span class=\"avatar\"><img alt='Avatar photo' src='http:\/\/filmsgrandhuit.com\/wp-content\/uploads\/2022\/04\/photo_violette-2-270x263.png' srcset='http:\/\/filmsgrandhuit.com\/wp-content\/uploads\/2022\/04\/photo_violette-2.png 2x' class='avatar avatar-270 photo' height='270' width='270' loading='lazy' decoding='async' style=\"\"  \/><\/span><span class=\"name\"><strong>Violette Gitton<\/strong><\/span><\/a><\/div><div class=\"user with-name name-group-0-x name-group-last-l user-123459 with-biography bio-length--1 biography-missing\" style=\"\"><a href=\"http:\/\/filmsgrandhuit.com\/en\/author\/xavier-lacaille\/\" title=\"Xavier Lacaille\"><span class=\"avatar\"><img alt='Avatar photo' src='http:\/\/filmsgrandhuit.com\/wp-content\/uploads\/2022\/04\/Xavier-Lacaille_avatar_1649326150-270x270.jpg' srcset='http:\/\/filmsgrandhuit.com\/wp-content\/uploads\/2022\/04\/Xavier-Lacaille_avatar_1649326150-540x540.jpg 2x' class='avatar avatar-270 photo' height='270' width='270' loading='lazy' decoding='async' style=\"\"  \/><\/span><span class=\"name\"><strong>Xavier Lacaille<\/strong><\/span><\/a><\/div><\/div><\/div>\n","protected":false},"excerpt":{"rendered":"","protected":false},"author":1,"featured_media":0,"parent":0,"menu_order":0,"comment_status":"closed","ping_status":"closed","template":"","meta":[],"translation":{"provider":"WPGlobus","version":"2.10.5","language":"en","enabled_languages":["fr","en"],"languages":{"fr":{"title":true,"content":true,"excerpt":false},"en":{"title":true,"content":false,"excerpt":false}}},"acf":[],"_links":{"self":[{"href":"http:\/\/filmsgrandhuit.com\/en\/wp-json\/wp\/v2\/pages\/69"}],"collection":[{"href":"http:\/\/filmsgrandhuit.com\/en\/wp-json\/wp\/v2\/pages"}],"about":[{"href":"http:\/\/filmsgrandhuit.com\/en\/wp-json\/wp\/v2\/types\/page"}],"author":[{"embeddable":true,"href":"http:\/\/filmsgrandhuit.com\/en\/wp-json\/wp\/v2\/users\/1"}],"replies":[{"embeddable":true,"href":"http:\/\/filmsgrandhuit.com\/en\/wp-json\/wp\/v2\/comments?post=69"}],"version-history":[{"count":12,"href":"http:\/\/filmsgrandhuit.com\/en\/wp-json\/wp\/v2\/pages\/69\/revisions"}],"predecessor-version":[{"id":5380,"href":"http:\/\/filmsgrandhuit.com\/en\/wp-json\/wp\/v2\/pages\/69\/revisions\/5380"}],"wp:attachment":[{"href":"http:\/\/filmsgrandhuit.com\/en\/wp-json\/wp\/v2\/media?parent=69"}],"curies":[{"name":"wp","href":"https:\/\/api.w.org\/{rel}","templated":true}]}}